{"id":2,"date":"2011-02-04T09:57:52","date_gmt":"2011-02-04T09:57:52","guid":{"rendered":"http:\/\/verorouveyrollis.com\/artistepeintre\/?page_id=2"},"modified":"2011-02-06T19:34:11","modified_gmt":"2011-02-06T19:34:11","slug":"about","status":"publish","type":"page","link":"http:\/\/verorouveyrollis.com\/artistepeintre\/?page_id=2","title":{"rendered":"Mes Ann\u00e9es Peinture"},"content":{"rendered":"<p style=\"text-align: justify;\"><span style=\"color: #000000;\"><strong><a href=\"http:\/\/verorouveyrollis.com\/artistepeintre\/wp-content\/uploads\/2011\/02\/Black-Graffitis.jpg\"><img loading=\"lazy\" decoding=\"async\" class=\"alignleft size-full wp-image-108\" title=\"Black Graffitis\" src=\"http:\/\/verorouveyrollis.com\/artistepeintre\/wp-content\/uploads\/2011\/02\/Black-Graffitis.jpg\" alt=\"Black Graffitis\" width=\"280\" height=\"418\" srcset=\"http:\/\/verorouveyrollis.com\/artistepeintre\/wp-content\/uploads\/2011\/02\/Black-Graffitis.jpg 600w, http:\/\/verorouveyrollis.com\/artistepeintre\/wp-content\/uploads\/2011\/02\/Black-Graffitis-201x300.jpg 201w\" sizes=\"auto, (max-width: 280px) 100vw, 280px\" \/><\/a>L&rsquo;art de la peinture m&rsquo;a donn\u00e9 l&rsquo;envie de retrouver mes origines tribales, avec tout d&rsquo;abord, les rouges et les jaunes que j&rsquo;ai voulu, dominants, tout en constellant la peau de milliers de petits points blancs tatou\u00e9s se fon\u00e7ant d&rsquo;ocre rouge ou brun. Avec ces femmes aux bijoux scintillants et aux parures multicolores, j&rsquo;ai voulu retrouver une m\u00e9moire ancestrale d&rsquo;une Afrique imaginaire.<\/strong><\/span><\/p>\n<p style=\"text-align: justify;\"><span style=\"color: #000000;\"><strong>Puis, presque \u00e0 mon insu, la couleur s&rsquo;est m\u00e9tiss\u00e9e. Les origines tribales se sont mu\u00e9es en souvenirs dans\u00e9s d&rsquo;une Jos\u00e9phine Baker imp\u00e9rieuse. la peau\u00a0 est rest\u00e9e brune, les bananes volages, les fonds ocres mouvement\u00e9s. La musique m&rsquo;est revenue naturellement agitant les formes de mes actrices picturales.<\/strong><\/span><\/p>\n<p style=\"text-align: justify;\"><span style=\"color: #000000;\"><strong>Puis, encore, les fonds se sont liss\u00e9s, tout d&rsquo;abord dans une m\u00eame couleur et puis dans des tons de rouges,\u00a0 verts, roses, oranges ou encore de jaunes en pr\u00e9dominant le bleu.<\/strong><\/span><\/p>\n<p style=\"text-align: justify;\"><span style=\"color: #000000;\"><strong>Avec la libert\u00e9 que donne l&rsquo;acrylique, mes actrices ont eu l&rsquo;envie de se mouvoir dans des espaces \u00e9normes, des cadres de plus en plus grands. Elles se sont voulues immenses, imposantes. Multicouleurs. Il m&rsquo;a fallu tirer mes toiles, fabriquer mes cadres.<\/strong><\/span><\/p>\n<p style=\"text-align: justify;\"><span style=\"color: #000000;\"><strong>L&rsquo;impression de construire un navire, hissant Les couleurs en reconnaissance.<\/strong><\/span><\/p>\n<p style=\"text-align: justify;\"><span style=\"color: #000000;\"><strong>Mes actrices fr\u00e9n\u00e9tiques m&rsquo;ont entrain\u00e9e dans une s\u00e9rie de sc\u00e8nes faites de quarante tableaux sur toiles et cartons et de deux paravents, enchainant jour apr\u00e8s jour, mois apr\u00e8s mois, leurs rondeurs maternelles, leurs peaux aux couleurs universelles et extra-universelles.<\/strong><\/span><\/p>\n<p style=\"text-align: justify;\"><span style=\"color: #000000;\"><strong>Mes amoureuses fraternelles, mes r\u00eaveuses pos\u00e9es, noires et blanches \u00e0 la fois m&rsquo;ont donn\u00e9 le d\u00e9sir d&rsquo;explorer plus avant l&rsquo;envie de les raconter. De rechercher d&rsquo;autres couleurs. D&rsquo;am\u00e9liorer les formes. D&rsquo;inventer d&rsquo;autres personnages. De leur donner plus de libert\u00e9 et encore plus d&rsquo;espace. De leur inventer du relief tout en les faisant vivre dans la rigidit\u00e9 de mes \u00e0 plats.<\/strong><\/span><\/p>\n<p style=\"text-align: justify;\"><span style=\"color: #000000;\"><strong>Enfin, trouver encore d&rsquo;autres palettes, avec ce bonheur qui ne m&rsquo;a pas quitt\u00e9 toutes ces ann\u00e9es l\u00e0.<\/strong><\/span><\/p>\n<p style=\"text-align: justify;\"><span style=\"color: #000000;\"><strong>Aujourd&rsquo;hui la peinture est devenue plus qu&rsquo;un plaisir, une n\u00e9cessit\u00e9.<\/strong><\/span><\/p>\n","protected":false},"excerpt":{"rendered":"<p>L&rsquo;art de la peinture m&rsquo;a donn\u00e9 l&rsquo;envie de retrouver mes origines tribales, avec tout d&rsquo;abord, les rouges et les jaunes que j&rsquo;ai voulu, dominants, tout en constellant la peau de milliers de petits points blancs tatou\u00e9s se fon\u00e7ant d&rsquo;ocre rouge ou brun. Avec ces femmes aux bijoux scintillants et aux parures multicolores, j&rsquo;ai voulu retrouver [&hellip;]<\/p>\n","protected":false},"author":1,"featured_media":0,"parent":0,"menu_order":0,"comment_status":"open","ping_status":"closed","template":"","meta":{"footnotes":""},"class_list":["post-2","page","type-page","status-publish","hentry"],"_links":{"self":[{"href":"http:\/\/verorouveyrollis.com\/artistepeintre\/index.php?rest_route=\/wp\/v2\/pages\/2","targetHints":{"allow":["GET"]}}],"collection":[{"href":"http:\/\/verorouveyrollis.com\/artistepeintre\/index.php?rest_route=\/wp\/v2\/pages"}],"about":[{"href":"http:\/\/verorouveyrollis.com\/artistepeintre\/index.php?rest_route=\/wp\/v2\/types\/page"}],"author":[{"embeddable":true,"href":"http:\/\/verorouveyrollis.com\/artistepeintre\/index.php?rest_route=\/wp\/v2\/users\/1"}],"replies":[{"embeddable":true,"href":"http:\/\/verorouveyrollis.com\/artistepeintre\/index.php?rest_route=%2Fwp%2Fv2%2Fcomments&post=2"}],"version-history":[{"count":12,"href":"http:\/\/verorouveyrollis.com\/artistepeintre\/index.php?rest_route=\/wp\/v2\/pages\/2\/revisions"}],"predecessor-version":[{"id":73,"href":"http:\/\/verorouveyrollis.com\/artistepeintre\/index.php?rest_route=\/wp\/v2\/pages\/2\/revisions\/73"}],"wp:attachment":[{"href":"http:\/\/verorouveyrollis.com\/artistepeintre\/index.php?rest_route=%2Fwp%2Fv2%2Fmedia&parent=2"}],"curies":[{"name":"wp","href":"https:\/\/api.w.org\/{rel}","templated":true}]}}