{"id":260,"date":"2011-02-13T15:09:00","date_gmt":"2011-02-13T15:09:00","guid":{"rendered":"http:\/\/verorouveyrollis.com\/artistepeintre\/?page_id=260"},"modified":"2012-06-07T18:19:15","modified_gmt":"2012-06-07T16:19:15","slug":"biographie","status":"publish","type":"page","link":"http:\/\/verorouveyrollis.com\/artistepeintre\/?page_id=260","title":{"rendered":"Biographie"},"content":{"rendered":"<p style=\"text-align: justify;\"><strong><span style=\"color: #000000;\"><a href=\"http:\/\/verorouveyrollis.com\/artistepeintre\/wp-content\/uploads\/2011\/02\/Vero.jpg\"><img loading=\"lazy\" decoding=\"async\" class=\"alignright size-medium wp-image-538\" title=\"Vero\" src=\"http:\/\/verorouveyrollis.com\/artistepeintre\/wp-content\/uploads\/2011\/02\/Vero-199x300.jpg\" alt=\"\" width=\"199\" height=\"300\" srcset=\"http:\/\/verorouveyrollis.com\/artistepeintre\/wp-content\/uploads\/2011\/02\/Vero-199x300.jpg 199w, http:\/\/verorouveyrollis.com\/artistepeintre\/wp-content\/uploads\/2011\/02\/Vero.jpg 300w\" sizes=\"auto, (max-width: 199px) 100vw, 199px\" \/><\/a>VERO dite Veronique Mucret Rouveyrollis<br \/>\nAuteur-compositeur interpr\u00e8te, sc\u00e9nariste et r\u00e9alisatrice elle est tomb\u00e9e dans le show business \u00e0 l\u2019\u00e2ge de cinq ans gr\u00e2ce \u00e0 un p\u00e8re jazz man trompettiste, et n\u2019en est plus jamais sortie.<br \/>\nElle a jou\u00e9 sur sc\u00e8ne avec Jos\u00e9phine Baker, Georges Brassens, Jean-Marie Proslier, Fernand Sardou, Diane Dufresne, Nanette Workman, Daniel Balavoine, France Gall, Michel Fugain, et Nicole Croisille.<br \/>\nA mont\u00e9 un duo du nom de Peppermint dont sont sortis plusieurs disques avec sa s\u0153ur Mino.<br \/>\nA \u00e9tudi\u00e9 la danse classique, contemporaine et jazz pendant plus de quinze ans, a travaill\u00e9 au Casino de Paris sous la directive de Roland Petit en passant par un s\u00e9jour \u00e0 l\u2019\u00e9cole Mudra de Maurice B\u00e9jart \u00e0 Bruxelles.<br \/>\nA fait partie du Big Bazar de Michel Fugain pendant plus de trois ans,<br \/>\na travaill\u00e9 dans les com\u00e9dies musicales comme<br \/>\n\u00ab Starmania \u00bb au Palais des Congr\u00e8s,<br \/>\n\u00ab La Petite boutique des horreurs \u00bb au th\u00e9\u00e2tre Montparnasse,<br \/>\n\u00ab Barnum \u00bb au cirque d\u2019hiver, et \u00ab Godspel \u00bb en tourn\u00e9e europ\u00e9enne.<br \/>\nA jou\u00e9 \u00e9galement en tant qu\u2019actrice au Cin\u00e9ma avec Jacques Brel avec lequel elle a interpr\u00e9t\u00e9 un duo pour la chanson du g\u00e9n\u00e9rique, ainsi qu\u2019aux c\u00f4t\u00e9s de Jean Carmet et Nino Manfredi dans le film \u00ab Gros C\u00e2lins \u00bb o\u00f9 elle interpr\u00e9tait le r\u00f4le principal ainsi qu\u2019un passage dans la troupe du \u00ab Splendid \u00bb dans le film \u00ab Elle voit des nains partout. \u00bb<\/span><\/strong><\/p>\n<p style=\"text-align: justify;\"><strong><span style=\"color: #000000;\">A produit et r\u00e9alis\u00e9 deux s\u00e9ries documentaires de 13 \u00e9pisodes de 30 minutes chaque, intitul\u00e9e \u00ab Les Mamies et les Papies racontent \u00bb et \u00ab G\u00e9n\u00e9ration Fly\u00e9e \u00bb au Canada pour Canal Vox dont elle a compos\u00e9 \u00e9galement toutes les musiques. A enseign\u00e9 pendant plus de cinq ans le th\u00e9\u00e2tre et plus de sept ans l\u2019\u00e9criture cin\u00e9matographique et \u00e9crit des pi\u00e8ces de th\u00e9\u00e2tre et des sc\u00e9narii en France et au Canada.<\/span><\/strong><\/p>\n<p style=\"text-align: justify;\"><strong><span style=\"color: #000000;\">A r\u00e9alis\u00e9 des clips musicaux dont un pour la jeune chanteuse \u00ab Elsa \u00bb, a mont\u00e9 une T\u00e9l\u00e9vision sur le web et a r\u00e9alis\u00e9 des courts-m\u00e9trages prim\u00e9s dans les festivals.<\/span><\/strong><\/p>\n<p style=\"text-align: justify;\"><strong><span style=\"color: #000000;\">A re\u00e7u plusieurs prix dans des festivals de cin\u00e9ma et des prix d&rsquo;\u00e9criture pour des scenarii.<\/span><\/strong><\/p>\n<p style=\"text-align: justify;\"><strong><span style=\"color: #000000;\">S&rsquo;est trouv\u00e9e une passion pour la peinture et fait des expositions o\u00f9 se sont vendues plusieurs de ses toiles.<\/span><\/strong><\/p>\n<p style=\"text-align: justify;\"><strong><span style=\"color: #000000;\">Fille de la sc\u00e8ne, de la musique et du cin\u00e9ma, VERO a plus de 30 ans d\u2019exp\u00e9rience dans les domaines vari\u00e9s du show business.<\/span><\/strong><\/p>\n","protected":false},"excerpt":{"rendered":"<p>VERO dite Veronique Mucret Rouveyrollis Auteur-compositeur interpr\u00e8te, sc\u00e9nariste et r\u00e9alisatrice elle est tomb\u00e9e dans le show business \u00e0 l\u2019\u00e2ge de cinq ans gr\u00e2ce \u00e0 un p\u00e8re jazz man trompettiste, et n\u2019en est plus jamais sortie. Elle a jou\u00e9 sur sc\u00e8ne avec Jos\u00e9phine Baker, Georges Brassens, Jean-Marie Proslier, Fernand Sardou, Diane Dufresne, Nanette Workman, Daniel Balavoine, [&hellip;]<\/p>\n","protected":false},"author":1,"featured_media":0,"parent":0,"menu_order":0,"comment_status":"open","ping_status":"open","template":"","meta":{"footnotes":""},"class_list":["post-260","page","type-page","status-publish","hentry"],"_links":{"self":[{"href":"http:\/\/verorouveyrollis.com\/artistepeintre\/index.php?rest_route=\/wp\/v2\/pages\/260","targetHints":{"allow":["GET"]}}],"collection":[{"href":"http:\/\/verorouveyrollis.com\/artistepeintre\/index.php?rest_route=\/wp\/v2\/pages"}],"about":[{"href":"http:\/\/verorouveyrollis.com\/artistepeintre\/index.php?rest_route=\/wp\/v2\/types\/page"}],"author":[{"embeddable":true,"href":"http:\/\/verorouveyrollis.com\/artistepeintre\/index.php?rest_route=\/wp\/v2\/users\/1"}],"replies":[{"embeddable":true,"href":"http:\/\/verorouveyrollis.com\/artistepeintre\/index.php?rest_route=%2Fwp%2Fv2%2Fcomments&post=260"}],"version-history":[{"count":10,"href":"http:\/\/verorouveyrollis.com\/artistepeintre\/index.php?rest_route=\/wp\/v2\/pages\/260\/revisions"}],"predecessor-version":[{"id":360,"href":"http:\/\/verorouveyrollis.com\/artistepeintre\/index.php?rest_route=\/wp\/v2\/pages\/260\/revisions\/360"}],"wp:attachment":[{"href":"http:\/\/verorouveyrollis.com\/artistepeintre\/index.php?rest_route=%2Fwp%2Fv2%2Fmedia&parent=260"}],"curies":[{"name":"wp","href":"https:\/\/api.w.org\/{rel}","templated":true}]}}