{"id":317,"date":"2011-02-13T13:29:35","date_gmt":"2011-02-13T13:29:35","guid":{"rendered":"http:\/\/verorouveyrollis.com\/artistepeintre\/?page_id=317"},"modified":"2011-02-13T14:09:46","modified_gmt":"2011-02-13T14:09:46","slug":"un-petit-mot-de-vero","status":"publish","type":"page","link":"http:\/\/verorouveyrollis.com\/artistepeintre\/","title":{"rendered":"Un Petit Mot de Vero"},"content":{"rendered":"<p style=\"text-align: center;\"><span style=\"color: #ffffff;\"><strong><span style=\"color: #000000;\"> <\/span><\/strong><\/span><span style=\"color: #ffffff;\"><strong><span style=\"color: #000000;\"><a href=\"http:\/\/verorouveyrollis.com\/artistepeintre\/wp-content\/uploads\/2011\/02\/ANGE-LOGO.png\"><img loading=\"lazy\" decoding=\"async\" class=\"aligncenter size-medium wp-image-87\" title=\"ANGE\" src=\"http:\/\/verorouveyrollis.com\/artistepeintre\/wp-content\/uploads\/2011\/02\/ANGE-LOGO-300x221.png\" alt=\"ANGE\" width=\"300\" height=\"221\" srcset=\"http:\/\/verorouveyrollis.com\/artistepeintre\/wp-content\/uploads\/2011\/02\/ANGE-LOGO-300x221.png 300w, http:\/\/verorouveyrollis.com\/artistepeintre\/wp-content\/uploads\/2011\/02\/ANGE-LOGO.png 600w\" sizes=\"auto, (max-width: 300px) 100vw, 300px\" \/><\/a><br \/>\n<span style=\"color: #000000;\">De son long et beau s\u00e9jour c\u00e9leste<br \/>\nUn nouvel ange nomm\u00e9 Isa<br \/>\nM&rsquo;a transmis le trac\u00e9 des gestes<br \/>\n\u00e0 travers tout l&rsquo;au del\u00e0.<br \/>\nJ&rsquo;ai appris sur le bout des doigts<br \/>\nLe noir, le blanc, le tout couleur<br \/>\nj&rsquo;ai re\u00e7u l&rsquo;art et le bonheur<br \/>\nde faire danser fr\u00e8res et black s\u0153urs.<br \/>\nCet ange trop t\u00f4t venu au ciel<br \/>\ndans un chant vers god et gospels<br \/>\n\u00e0 guid\u00e9 ma main, mes pinceaux<br \/>\nrempli mon c\u0153ur, vid\u00e9 mes pots.<br \/>\nSon cadeau est jusqu&rsquo;\u00e0 pr\u00e9sent<br \/>\nle plus beau de tous les pr\u00e9sents.<br \/>\nM\u00eame si je donnerai tout<br \/>\npour que cet ange parmi nous<br \/>\nrevienne m&rsquo;enseigner ici.<br \/>\n<\/span><\/span><span style=\"color: #000000;\">Aujourd&rsquo;hui je l&rsquo;en remercie.<\/span><\/strong><\/span><\/p>\n","protected":false},"excerpt":{"rendered":"<p>De son long et beau s\u00e9jour c\u00e9leste Un nouvel ange nomm\u00e9 Isa M&rsquo;a transmis le trac\u00e9 des gestes \u00e0 travers tout l&rsquo;au del\u00e0. J&rsquo;ai appris sur le bout des doigts Le noir, le blanc, le tout couleur j&rsquo;ai re\u00e7u l&rsquo;art et le bonheur de faire danser fr\u00e8res et black s\u0153urs. Cet ange trop t\u00f4t venu [&hellip;]<\/p>\n","protected":false},"author":1,"featured_media":0,"parent":0,"menu_order":1,"comment_status":"open","ping_status":"closed","template":"","meta":{"footnotes":""},"class_list":["post-317","page","type-page","status-publish","hentry"],"_links":{"self":[{"href":"http:\/\/verorouveyrollis.com\/artistepeintre\/index.php?rest_route=\/wp\/v2\/pages\/317","targetHints":{"allow":["GET"]}}],"collection":[{"href":"http:\/\/verorouveyrollis.com\/artistepeintre\/index.php?rest_route=\/wp\/v2\/pages"}],"about":[{"href":"http:\/\/verorouveyrollis.com\/artistepeintre\/index.php?rest_route=\/wp\/v2\/types\/page"}],"author":[{"embeddable":true,"href":"http:\/\/verorouveyrollis.com\/artistepeintre\/index.php?rest_route=\/wp\/v2\/users\/1"}],"replies":[{"embeddable":true,"href":"http:\/\/verorouveyrollis.com\/artistepeintre\/index.php?rest_route=%2Fwp%2Fv2%2Fcomments&post=317"}],"version-history":[{"count":23,"href":"http:\/\/verorouveyrollis.com\/artistepeintre\/index.php?rest_route=\/wp\/v2\/pages\/317\/revisions"}],"predecessor-version":[{"id":332,"href":"http:\/\/verorouveyrollis.com\/artistepeintre\/index.php?rest_route=\/wp\/v2\/pages\/317\/revisions\/332"}],"wp:attachment":[{"href":"http:\/\/verorouveyrollis.com\/artistepeintre\/index.php?rest_route=%2Fwp%2Fv2%2Fmedia&parent=317"}],"curies":[{"name":"wp","href":"https:\/\/api.w.org\/{rel}","templated":true}]}}